{"id":26862,"date":"2021-01-11T14:44:39","date_gmt":"2021-01-11T12:44:39","guid":{"rendered":"http:\/\/mundotaku.es\/wpmundo\/?post_type=product&#038;p=26862"},"modified":"2021-01-11T14:45:16","modified_gmt":"2021-01-11T12:45:16","slug":"funko-pop-llavero-de-bolsillo-gudetama-el-perezoso-huevo-5-1cm-figura-funko-sanrio","status":"publish","type":"product","link":"https:\/\/mundotaku.es\/wpmundo\/producto\/funko-pop-llavero-de-bolsillo-gudetama-el-perezoso-huevo-5-1cm-figura-funko-sanrio\/","title":{"rendered":"Funko Pop! &#8211; Llavero de bolsillo: Gudetama El Perezoso Huevo 5.1cm  Figura Funko Sanrio"},"content":{"rendered":"<p>Tiene un tama\u00f1o aproximado de unos 4<strong> cm<\/strong>\u00a0y sorprende por la\u00a0<strong>calidad<\/strong>\u00a0de su anilla de la que f\u00e1cilmente se sacan o meten las llaves y que te permitir\u00e1 colgarlo sin problemas de bolsos o mochilas. Pero lo mejor es su dise\u00f1o, con nada menos que <strong>Gudetama, El Huevo Perezoso\u00a0 <\/strong>sentado en su c\u00e1scara con los caracter\u00edsticos rasgos caricaturescos de las<strong> figuritas POP!<\/strong> que las hacen tan entra\u00f1ables.<\/p>\n","protected":false},"excerpt":{"rendered":"<p>Tiene un tama\u00f1o aproximado de unos 4 cm\u00a0y sorprende por la\u00a0calidad\u00a0de su anilla de la que f\u00e1cilmente se sacan o meten las llaves y que te permitir\u00e1 colgarlo sin problemas de bolsos o mochilas. Pero lo mejor es su dise\u00f1o, con nada menos que Gudetama, El Huevo Perezoso\u00a0 sentado en su c\u00e1scara con los caracter\u00edsticos<\/p>\n","protected":false},"featured_media":26864,"comment_status":"open","ping_status":"closed","template":"","meta":[],"product_cat":[1780,4869,4690],"product_tag":[],"class_list":["post-26862","product","type-product","status-publish","has-post-thumbnail","hentry","product_cat-funko","product_cat-llavero","product_cat-pocket"],"_links":{"self":[{"href":"https:\/\/mundotaku.es\/wpmundo\/wp-json\/wp\/v2\/product\/26862","targetHints":{"allow":["GET"]}}],"collection":[{"href":"https:\/\/mundotaku.es\/wpmundo\/wp-json\/wp\/v2\/product"}],"about":[{"href":"https:\/\/mundotaku.es\/wpmundo\/wp-json\/wp\/v2\/types\/product"}],"replies":[{"embeddable":true,"href":"https:\/\/mundotaku.es\/wpmundo\/wp-json\/wp\/v2\/comments?post=26862"}],"version-history":[{"count":1,"href":"https:\/\/mundotaku.es\/wpmundo\/wp-json\/wp\/v2\/product\/26862\/revisions"}],"predecessor-version":[{"id":26863,"href":"https:\/\/mundotaku.es\/wpmundo\/wp-json\/wp\/v2\/product\/26862\/revisions\/26863"}],"wp:featuredmedia":[{"embeddable":true,"href":"https:\/\/mundotaku.es\/wpmundo\/wp-json\/wp\/v2\/media\/26864"}],"wp:attachment":[{"href":"https:\/\/mundotaku.es\/wpmundo\/wp-json\/wp\/v2\/media?parent=26862"}],"wp:term":[{"taxonomy":"product_cat","embeddable":true,"href":"https:\/\/mundotaku.es\/wpmundo\/wp-json\/wp\/v2\/product_cat?post=26862"},{"taxonomy":"product_tag","embeddable":true,"href":"https:\/\/mundotaku.es\/wpmundo\/wp-json\/wp\/v2\/product_tag?post=26862"}],"curies":[{"name":"wp","href":"https:\/\/api.w.org\/{rel}","templated":true}]}}